{"id":92,"date":"2026-04-03T21:03:44","date_gmt":"2026-04-03T21:03:44","guid":{"rendered":"https:\/\/bucketlistracing.team\/?page_id=92"},"modified":"2026-04-06T01:15:49","modified_gmt":"2026-04-05T23:15:49","slug":"blueribboncup","status":"publish","type":"page","link":"http:\/\/bucketlistracing.team\/en\/regatten\/blueribboncup\/","title":{"rendered":"2026 BlueRibbonCup"},"content":{"rendered":"<p>Der Blue Ribbon Cup in seiner 28. Auflage ist eine Regatta, bestehend aus zwei Wettfahrten von Kiel nach \u00c5rhus und zur\u00fcck mit einer jeweiligen Distanz von circa 140 Seemeilen.<\/p>\n\n\n\n<p>Start ist am Mittwochabend vor dem Kieler Yachtclub. Der Kurs f\u00fchrt die F\u00f6rde hinaus, vorbei an Friedrichsort und dem Marineehrenmal in Lab\u00f6. Die Flotte setzt dann ab auf Keldsnor zur Einfahrt in den Gro\u00dfen Belt. Nach passieren von Langeland und der Br\u00fccke geht es um die Nordostspitze von F\u00fcnen zwischen Sams\u00f6 und Tun\u00f6 hindurch zum Ziel in \u00c5rhus.<\/p>\n\n\n\n<figure class=\"wp-block-image size-large\"><img loading=\"lazy\" decoding=\"async\" width=\"1024\" height=\"576\" src=\"http:\/\/bucketlistracing.team\/wp-content\/uploads\/2026\/04\/blue_ribbon_cup_n_10-1024x576.png\" alt=\"\" class=\"wp-image-80\" srcset=\"http:\/\/bucketlistracing.team\/wp-content\/uploads\/2026\/04\/blue_ribbon_cup_n_10-1024x576.png 1024w, http:\/\/bucketlistracing.team\/wp-content\/uploads\/2026\/04\/blue_ribbon_cup_n_10-300x169.png 300w, http:\/\/bucketlistracing.team\/wp-content\/uploads\/2026\/04\/blue_ribbon_cup_n_10-768x432.png 768w, http:\/\/bucketlistracing.team\/wp-content\/uploads\/2026\/04\/blue_ribbon_cup_n_10-1536x864.png 1536w, http:\/\/bucketlistracing.team\/wp-content\/uploads\/2026\/04\/blue_ribbon_cup_n_10-676x380.png 676w, http:\/\/bucketlistracing.team\/wp-content\/uploads\/2026\/04\/blue_ribbon_cup_n_10.png 1920w\" sizes=\"auto, (max-width: 1024px) 100vw, 1024px\" \/><\/figure>\n\n\n\n<p>Die R\u00fcckregatta startet am Samstagmorgen vor dem \u00c5rhus Sailing Center, f\u00fchrt zwischen den Inseln Tun\u00f8 und Sams\u00f8 hindurch und wendet sich bei Endelave in Richtung S\u00fcdwest. Die St\u00e4dte Fredericia und Strib markieren die Einfahrt in den Lille Belt und nach passieren von Middelfart und Kolding folgt die Flotte dem verschlungenen Fahrwasser des Kleinen Belts. Die Inseln F\u00fcnen, L\u00fc\u00f6 und \u00c4r\u00f6 bleiben an Backbord, Alsen an Steuerbord. Vorbei an der Schleim\u00fcndung, an Damp und Eckernf\u00f6rde gehen die Yachten durchs Ziel am Kiel Leuchtturm.<\/p>\n\n\n\n<figure class=\"wp-block-image size-large\"><img loading=\"lazy\" decoding=\"async\" width=\"1024\" height=\"576\" src=\"http:\/\/bucketlistracing.team\/wp-content\/uploads\/2026\/04\/blue_ribbon_cup_s_07-1024x576.png\" alt=\"\" class=\"wp-image-81\" srcset=\"http:\/\/bucketlistracing.team\/wp-content\/uploads\/2026\/04\/blue_ribbon_cup_s_07-1024x576.png 1024w, http:\/\/bucketlistracing.team\/wp-content\/uploads\/2026\/04\/blue_ribbon_cup_s_07-300x169.png 300w, http:\/\/bucketlistracing.team\/wp-content\/uploads\/2026\/04\/blue_ribbon_cup_s_07-768x432.png 768w, http:\/\/bucketlistracing.team\/wp-content\/uploads\/2026\/04\/blue_ribbon_cup_s_07-1536x864.png 1536w, http:\/\/bucketlistracing.team\/wp-content\/uploads\/2026\/04\/blue_ribbon_cup_s_07-676x380.png 676w, http:\/\/bucketlistracing.team\/wp-content\/uploads\/2026\/04\/blue_ribbon_cup_s_07.png 1920w\" sizes=\"auto, (max-width: 1024px) 100vw, 1024px\" \/><\/figure>\n\n\n\n<div class=\"wpcf7 no-js\" id=\"wpcf7-f320-o1\" lang=\"de-DE\" dir=\"ltr\" data-wpcf7-id=\"320\">\n<div class=\"screen-reader-response\"><p role=\"status\" aria-live=\"polite\" aria-atomic=\"true\"><\/p> <ul><\/ul><\/div>\n<form action=\"\/en\/wp-json\/wp\/v2\/pages\/92#wpcf7-f320-o1\" method=\"post\" class=\"wpcf7-form init\" aria-label=\"Kontaktformular\" novalidate=\"novalidate\" data-status=\"init\" data-trp-original-action=\"\/en\/wp-json\/wp\/v2\/pages\/92#wpcf7-f320-o1\">\n<fieldset class=\"hidden-fields-container\"><input type=\"hidden\" name=\"_wpcf7\" value=\"320\" \/><input type=\"hidden\" name=\"_wpcf7_version\" value=\"6.1.5\" \/><input type=\"hidden\" name=\"_wpcf7_locale\" value=\"de_DE\" \/><input type=\"hidden\" name=\"_wpcf7_unit_tag\" value=\"wpcf7-f320-o1\" \/><input type=\"hidden\" name=\"_wpcf7_container_post\" value=\"0\" \/><input type=\"hidden\" name=\"_wpcf7_posted_data_hash\" value=\"\" \/>\n<\/fieldset>\n<p>Du interessierst Dich f\u00fcr die Teilnahme am BlueRibbonCup 2026? Dann nimm Kontakt mit uns auf!\n<\/p>\n<p><label> Dein Name<br \/>\n<span class=\"wpcf7-form-control-wrap\" data-name=\"your-name\"><input size=\"40\" maxlength=\"400\" class=\"wpcf7-form-control wpcf7-text wpcf7-validates-as-required\" autocomplete=\"name\" aria-required=\"true\" aria-invalid=\"false\" value=\"\" type=\"text\" name=\"your-name\" \/><\/span> <\/label><br \/>\n<label> Deine E-Mail-Adresse<br \/>\n<span class=\"wpcf7-form-control-wrap\" data-name=\"your-email\"><input size=\"40\" maxlength=\"400\" class=\"wpcf7-form-control wpcf7-email wpcf7-validates-as-required wpcf7-text wpcf7-validates-as-email\" autocomplete=\"email\" aria-required=\"true\" aria-invalid=\"false\" value=\"\" type=\"email\" name=\"your-email\" \/><\/span> <\/label>\n<\/p>\n<p><input class=\"wpcf7-form-control wpcf7-submit has-spinner\" type=\"submit\" value=\"Senden\" \/>\n<\/p><div class=\"wpcf7-response-output\" aria-hidden=\"true\"><\/div>\n<input type=\"hidden\" name=\"trp-form-language\" value=\"en\"\/><\/form>\n<\/div>","protected":false},"excerpt":{"rendered":"<p>Der Blue Ribbon Cup in seiner 28. Auflage ist eine Regatta, bestehend aus zwei Wettfahrten von Kiel nach \u00c5rhus und zur\u00fcck mit einer jeweiligen Distanz von circa 140 Seemeilen. Start [&hellip;]<\/p>\n","protected":false},"author":1,"featured_media":0,"parent":15,"menu_order":0,"comment_status":"closed","ping_status":"closed","template":"","meta":{"footnotes":""},"class_list":["post-92","page","type-page","status-publish","hentry","post-preview"],"_links":{"self":[{"href":"http:\/\/bucketlistracing.team\/en\/wp-json\/wp\/v2\/pages\/92","targetHints":{"allow":["GET"]}}],"collection":[{"href":"http:\/\/bucketlistracing.team\/en\/wp-json\/wp\/v2\/pages"}],"about":[{"href":"http:\/\/bucketlistracing.team\/en\/wp-json\/wp\/v2\/types\/page"}],"author":[{"embeddable":true,"href":"http:\/\/bucketlistracing.team\/en\/wp-json\/wp\/v2\/users\/1"}],"replies":[{"embeddable":true,"href":"http:\/\/bucketlistracing.team\/en\/wp-json\/wp\/v2\/comments?post=92"}],"version-history":[{"count":3,"href":"http:\/\/bucketlistracing.team\/en\/wp-json\/wp\/v2\/pages\/92\/revisions"}],"predecessor-version":[{"id":322,"href":"http:\/\/bucketlistracing.team\/en\/wp-json\/wp\/v2\/pages\/92\/revisions\/322"}],"up":[{"embeddable":true,"href":"http:\/\/bucketlistracing.team\/en\/wp-json\/wp\/v2\/pages\/15"}],"wp:attachment":[{"href":"http:\/\/bucketlistracing.team\/en\/wp-json\/wp\/v2\/media?parent=92"}],"curies":[{"name":"wp","href":"https:\/\/api.w.org\/{rel}","templated":true}]}}