{"id":90,"date":"2026-04-03T21:02:00","date_gmt":"2026-04-03T21:02:00","guid":{"rendered":"https:\/\/bucketlistracing.team\/?page_id=90"},"modified":"2026-04-06T01:12:32","modified_gmt":"2026-04-05T23:12:32","slug":"rorc-baltic-sea-race","status":"publish","type":"page","link":"http:\/\/bucketlistracing.team\/en\/regatten\/rorc-baltic-sea-race\/","title":{"rendered":"2026 RORC Baltic Sea Race"},"content":{"rendered":"<p>Das 2022 vom Royal Ocean Racing Club in Kooperation mit dem Helsingfors Segelklub als einzige Ei-Ar-Si-Regatta im n\u00f6rdlichen Kontinental-Europa initiierte \u201eRork Baltic Sea Race\u201c geht nun in seine dritte Auflage. Das 670-Seemeilen-Rennen dient auch zur Qualifikation f\u00fcr das \u201eRolex Fastnet Race\u201c im folgenden Jahr. Vom Start in der finnischen Hauptstadt Helsinki f\u00fchrt der Kurs s\u00fcdw\u00e4rts, raus aus dem Sch\u00e4rengarten. Am Leuchtturm Helsinki wendet sich die Flotte nach Westen, vorbei an den \u00c5land-Inseln, bis zum Leuchtturm Almagrundet vor dem Ausgang der Stockholmer Sch\u00e4ren. Die Yachten nehmen nun Kurs auf Hoburg Rev an der S\u00fcdspitze Gotlands, von wo es vorbei an den baltischen Staaten Lettland und Estland zur\u00fcck in den Finnischen Meerbusen geht. Der Zielsprint vom Leuchtturm Helsinki f\u00fchrt direkt zur Ziellinie vor dem HSK Clubhaus.<\/p>\n\n\n\n<figure class=\"wp-block-image size-large\"><img loading=\"lazy\" decoding=\"async\" width=\"1024\" height=\"576\" src=\"http:\/\/bucketlistracing.team\/wp-content\/uploads\/2026\/04\/rorc_baltic_sea_race_16-1024x576.png\" alt=\"\" class=\"wp-image-79\" srcset=\"http:\/\/bucketlistracing.team\/wp-content\/uploads\/2026\/04\/rorc_baltic_sea_race_16-1024x576.png 1024w, http:\/\/bucketlistracing.team\/wp-content\/uploads\/2026\/04\/rorc_baltic_sea_race_16-300x169.png 300w, http:\/\/bucketlistracing.team\/wp-content\/uploads\/2026\/04\/rorc_baltic_sea_race_16-768x432.png 768w, http:\/\/bucketlistracing.team\/wp-content\/uploads\/2026\/04\/rorc_baltic_sea_race_16-1536x864.png 1536w, http:\/\/bucketlistracing.team\/wp-content\/uploads\/2026\/04\/rorc_baltic_sea_race_16-676x380.png 676w, http:\/\/bucketlistracing.team\/wp-content\/uploads\/2026\/04\/rorc_baltic_sea_race_16.png 1920w\" sizes=\"auto, (max-width: 1024px) 100vw, 1024px\" \/><\/figure>\n\n\n\n<div class=\"wpcf7 no-js\" id=\"wpcf7-f317-o1\" lang=\"de-DE\" dir=\"ltr\" data-wpcf7-id=\"317\">\n<div class=\"screen-reader-response\"><p role=\"status\" aria-live=\"polite\" aria-atomic=\"true\"><\/p> <ul><\/ul><\/div>\n<form action=\"\/en\/wp-json\/wp\/v2\/pages\/90#wpcf7-f317-o1\" method=\"post\" class=\"wpcf7-form init\" aria-label=\"Kontaktformular\" novalidate=\"novalidate\" data-status=\"init\" data-trp-original-action=\"\/en\/wp-json\/wp\/v2\/pages\/90#wpcf7-f317-o1\">\n<fieldset class=\"hidden-fields-container\"><input type=\"hidden\" name=\"_wpcf7\" value=\"317\" \/><input type=\"hidden\" name=\"_wpcf7_version\" value=\"6.1.5\" \/><input type=\"hidden\" name=\"_wpcf7_locale\" value=\"de_DE\" \/><input type=\"hidden\" name=\"_wpcf7_unit_tag\" value=\"wpcf7-f317-o1\" \/><input type=\"hidden\" name=\"_wpcf7_container_post\" value=\"0\" \/><input type=\"hidden\" name=\"_wpcf7_posted_data_hash\" value=\"\" \/>\n<\/fieldset>\n<p>Du interessierst Dich f\u00fcr die Teilnahme am RORC Baltic Sea Race 2026? Dann nimm Kontakt mit uns auf!\n<\/p>\n<p><label> Dein Name<br \/>\n<span class=\"wpcf7-form-control-wrap\" data-name=\"your-name\"><input size=\"40\" maxlength=\"400\" class=\"wpcf7-form-control wpcf7-text wpcf7-validates-as-required\" autocomplete=\"name\" aria-required=\"true\" aria-invalid=\"false\" value=\"\" type=\"text\" name=\"your-name\" \/><\/span> <\/label><br \/>\n<label> Deine E-Mail-Adresse<br \/>\n<span class=\"wpcf7-form-control-wrap\" data-name=\"your-email\"><input size=\"40\" maxlength=\"400\" class=\"wpcf7-form-control wpcf7-email wpcf7-validates-as-required wpcf7-text wpcf7-validates-as-email\" autocomplete=\"email\" aria-required=\"true\" aria-invalid=\"false\" value=\"\" type=\"email\" name=\"your-email\" \/><\/span> <\/label>\n<\/p>\n<p><input class=\"wpcf7-form-control wpcf7-submit has-spinner\" type=\"submit\" value=\"Senden\" \/>\n<\/p><div class=\"wpcf7-response-output\" aria-hidden=\"true\"><\/div>\n<input type=\"hidden\" name=\"trp-form-language\" value=\"en\"\/><\/form>\n<\/div>","protected":false},"excerpt":{"rendered":"<p>Das 2022 vom Royal Ocean Racing Club in Kooperation mit dem Helsingfors Segelklub als einzige Ei-Ar-Si-Regatta im n\u00f6rdlichen Kontinental-Europa initiierte \u201eRork Baltic Sea Race\u201c geht nun in seine dritte Auflage. [&hellip;]<\/p>\n","protected":false},"author":1,"featured_media":0,"parent":15,"menu_order":0,"comment_status":"closed","ping_status":"closed","template":"","meta":{"footnotes":""},"class_list":["post-90","page","type-page","status-publish","hentry","post-preview"],"_links":{"self":[{"href":"http:\/\/bucketlistracing.team\/en\/wp-json\/wp\/v2\/pages\/90","targetHints":{"allow":["GET"]}}],"collection":[{"href":"http:\/\/bucketlistracing.team\/en\/wp-json\/wp\/v2\/pages"}],"about":[{"href":"http:\/\/bucketlistracing.team\/en\/wp-json\/wp\/v2\/types\/page"}],"author":[{"embeddable":true,"href":"http:\/\/bucketlistracing.team\/en\/wp-json\/wp\/v2\/users\/1"}],"replies":[{"embeddable":true,"href":"http:\/\/bucketlistracing.team\/en\/wp-json\/wp\/v2\/comments?post=90"}],"version-history":[{"count":4,"href":"http:\/\/bucketlistracing.team\/en\/wp-json\/wp\/v2\/pages\/90\/revisions"}],"predecessor-version":[{"id":318,"href":"http:\/\/bucketlistracing.team\/en\/wp-json\/wp\/v2\/pages\/90\/revisions\/318"}],"up":[{"embeddable":true,"href":"http:\/\/bucketlistracing.team\/en\/wp-json\/wp\/v2\/pages\/15"}],"wp:attachment":[{"href":"http:\/\/bucketlistracing.team\/en\/wp-json\/wp\/v2\/media?parent=90"}],"curies":[{"name":"wp","href":"https:\/\/api.w.org\/{rel}","templated":true}]}}