{"id":88,"date":"2026-04-03T20:59:26","date_gmt":"2026-04-03T20:59:26","guid":{"rendered":"https:\/\/bucketlistracing.team\/?page_id=88"},"modified":"2026-04-06T01:09:28","modified_gmt":"2026-04-05T23:09:28","slug":"gotland-runt-offshore-race","status":"publish","type":"page","link":"http:\/\/bucketlistracing.team\/en\/regatten\/gotland-runt-offshore-race\/","title":{"rendered":"2026 Gotland Runt Offshore Race"},"content":{"rendered":"<p>Das traditionelle Gotland Runt Offshore Race, organisiert vom K\u00f6niglich Schwedischen Segelclub KSSS im 89. Jahr, startet am Sonntag nach Mittsommer von Sandhamn aus. Vom Ausgang des Stockholmer Sch\u00e4rengartens geht es f\u00fcr die Yachten zun\u00e4chst nach Svenska H\u00f6garna im Nordosten. Dort wendet sich die Flotte nach S\u00fcden in Richtung Gotska Sand\u00f6n und Gotland, die beide an Steuerbord bleiben. Nach Runden der Tonne Hoburg Rev f\u00fchrt der Kurs nordw\u00e4rts nach Visby, wo eine Regattatonne direkt vor der historischen Altstadt zu nehmen ist. Es folgen 95 Seemeilen bis zum Leuchtturm Almagrundet und ein Sprint von weitern 10 Seemeilen bis ins Ziel vor Sandhamn f\u00fcr eine Gesamtdistanz von gut 350 Seemeilen.<br><\/p>\n\n\n\n<figure class=\"wp-block-image size-large\"><img loading=\"lazy\" decoding=\"async\" width=\"1024\" height=\"576\" src=\"http:\/\/bucketlistracing.team\/wp-content\/uploads\/2026\/04\/gotland_runt_14-1024x576.png\" alt=\"\" class=\"wp-image-76\" srcset=\"http:\/\/bucketlistracing.team\/wp-content\/uploads\/2026\/04\/gotland_runt_14-1024x576.png 1024w, http:\/\/bucketlistracing.team\/wp-content\/uploads\/2026\/04\/gotland_runt_14-300x169.png 300w, http:\/\/bucketlistracing.team\/wp-content\/uploads\/2026\/04\/gotland_runt_14-768x432.png 768w, http:\/\/bucketlistracing.team\/wp-content\/uploads\/2026\/04\/gotland_runt_14-1536x864.png 1536w, http:\/\/bucketlistracing.team\/wp-content\/uploads\/2026\/04\/gotland_runt_14-676x380.png 676w, http:\/\/bucketlistracing.team\/wp-content\/uploads\/2026\/04\/gotland_runt_14.png 1920w\" sizes=\"auto, (max-width: 1024px) 100vw, 1024px\" \/><\/figure>\n\n\n\n<div class=\"wpcf7 no-js\" id=\"wpcf7-f314-o1\" lang=\"de-DE\" dir=\"ltr\" data-wpcf7-id=\"314\">\n<div class=\"screen-reader-response\"><p role=\"status\" aria-live=\"polite\" aria-atomic=\"true\"><\/p> <ul><\/ul><\/div>\n<form action=\"\/en\/wp-json\/wp\/v2\/pages\/88#wpcf7-f314-o1\" method=\"post\" class=\"wpcf7-form init\" aria-label=\"Kontaktformular\" novalidate=\"novalidate\" data-status=\"init\" data-trp-original-action=\"\/en\/wp-json\/wp\/v2\/pages\/88#wpcf7-f314-o1\">\n<fieldset class=\"hidden-fields-container\"><input type=\"hidden\" name=\"_wpcf7\" value=\"314\" \/><input type=\"hidden\" name=\"_wpcf7_version\" value=\"6.1.5\" \/><input type=\"hidden\" name=\"_wpcf7_locale\" value=\"de_DE\" \/><input type=\"hidden\" name=\"_wpcf7_unit_tag\" value=\"wpcf7-f314-o1\" \/><input type=\"hidden\" name=\"_wpcf7_container_post\" value=\"0\" \/><input type=\"hidden\" name=\"_wpcf7_posted_data_hash\" value=\"\" \/>\n<\/fieldset>\n<p>Du interessierst Dich f\u00fcr die Teilnahme am Gotland Runt 2026? Dann nimm Kontakt mit uns auf!<br \/>\n<label> Dein Name<br \/>\n<span class=\"wpcf7-form-control-wrap\" data-name=\"your-name\"><input size=\"40\" maxlength=\"400\" class=\"wpcf7-form-control wpcf7-text wpcf7-validates-as-required\" autocomplete=\"name\" aria-required=\"true\" aria-invalid=\"false\" value=\"\" type=\"text\" name=\"your-name\" \/><\/span> <\/label><br \/>\n<label> Deine E-Mail-Adresse<br \/>\n<span class=\"wpcf7-form-control-wrap\" data-name=\"your-email\"><input size=\"40\" maxlength=\"400\" class=\"wpcf7-form-control wpcf7-email wpcf7-validates-as-required wpcf7-text wpcf7-validates-as-email\" autocomplete=\"email\" aria-required=\"true\" aria-invalid=\"false\" value=\"\" type=\"email\" name=\"your-email\" \/><\/span> <\/label>\n<\/p>\n<p><input class=\"wpcf7-form-control wpcf7-submit has-spinner\" type=\"submit\" value=\"Senden\" \/>\n<\/p><div class=\"wpcf7-response-output\" aria-hidden=\"true\"><\/div>\n<input type=\"hidden\" name=\"trp-form-language\" value=\"en\"\/><\/form>\n<\/div>","protected":false},"excerpt":{"rendered":"<p>Das traditionelle Gotland Runt Offshore Race, organisiert vom K\u00f6niglich Schwedischen Segelclub KSSS im 89. Jahr, startet am Sonntag nach Mittsommer von Sandhamn aus. Vom Ausgang des Stockholmer Sch\u00e4rengartens geht es [&hellip;]<\/p>\n","protected":false},"author":1,"featured_media":0,"parent":15,"menu_order":0,"comment_status":"closed","ping_status":"closed","template":"","meta":{"footnotes":""},"class_list":["post-88","page","type-page","status-publish","hentry","post-preview"],"_links":{"self":[{"href":"http:\/\/bucketlistracing.team\/en\/wp-json\/wp\/v2\/pages\/88","targetHints":{"allow":["GET"]}}],"collection":[{"href":"http:\/\/bucketlistracing.team\/en\/wp-json\/wp\/v2\/pages"}],"about":[{"href":"http:\/\/bucketlistracing.team\/en\/wp-json\/wp\/v2\/types\/page"}],"author":[{"embeddable":true,"href":"http:\/\/bucketlistracing.team\/en\/wp-json\/wp\/v2\/users\/1"}],"replies":[{"embeddable":true,"href":"http:\/\/bucketlistracing.team\/en\/wp-json\/wp\/v2\/comments?post=88"}],"version-history":[{"count":3,"href":"http:\/\/bucketlistracing.team\/en\/wp-json\/wp\/v2\/pages\/88\/revisions"}],"predecessor-version":[{"id":315,"href":"http:\/\/bucketlistracing.team\/en\/wp-json\/wp\/v2\/pages\/88\/revisions\/315"}],"up":[{"embeddable":true,"href":"http:\/\/bucketlistracing.team\/en\/wp-json\/wp\/v2\/pages\/15"}],"wp:attachment":[{"href":"http:\/\/bucketlistracing.team\/en\/wp-json\/wp\/v2\/media?parent=88"}],"curies":[{"name":"wp","href":"https:\/\/api.w.org\/{rel}","templated":true}]}}