{"id":83,"date":"2026-04-03T20:50:51","date_gmt":"2026-04-03T20:50:51","guid":{"rendered":"https:\/\/bucketlistracing.team\/?page_id=83"},"modified":"2026-04-06T00:44:41","modified_gmt":"2026-04-05T22:44:41","slug":"pantaenius-rund-skagen","status":"publish","type":"page","link":"http:\/\/bucketlistracing.team\/en\/regatten\/pantaenius-rund-skagen\/","title":{"rendered":"2026 Pantaenius Rund Skagen"},"content":{"rendered":"<p class=\"has-regular-font-size\">In geraden Jahren bildet das Pantaenius Rund Skagen den Abschluss der Nordseewoche, einer traditionellen Regattaserie, die allj\u00e4hrlich \u00fcber Pfingsten um die Insel Helgoland in der Deutschen Bucht ausgetragen wird.<\/p>\n\n\n\n<p class=\"has-regular-font-size\">Am Nachmittag des Pfingstmontags starten die Yachten nordw\u00e4rts, vorbei an den nordfriesischen Inseln, um Horns Rev herum und entlang der j\u00fctl\u00e4ndischen Nordseek\u00fcste. Nach Durchquerung der Jammerbucht wird die Tonne Skagen Rev gerundet und es geht s\u00fcdw\u00e4rts durch das Kattegat. Die d\u00e4nischen Inseln L\u00e4s\u00f6, Anholt und Sams\u00f6 werden passiert, bevor die Flotte in den Gro\u00dfen Belt einl\u00e4uft. Durch die Br\u00fccke und vorbei an Langeland biegen die Yachten bei Keldsnor in Richtung Kiel ab. Kiel Leuchtturm bleibt an Backbord bevor die Ziellinie vor Schilksee \u00fcberquert wird. Rund 500 Seemeilen liegen hinter den Teilnehmern.<\/p>\n\n\n\n<figure class=\"wp-block-image size-large\"><img loading=\"lazy\" decoding=\"async\" width=\"1024\" height=\"576\" src=\"http:\/\/bucketlistracing.team\/wp-content\/uploads\/2026\/04\/pantaenius_rund_skagen_19-1024x576.png\" alt=\"Kursdiagramm_PRS\" class=\"wp-image-72\" srcset=\"http:\/\/bucketlistracing.team\/wp-content\/uploads\/2026\/04\/pantaenius_rund_skagen_19-1024x576.png 1024w, http:\/\/bucketlistracing.team\/wp-content\/uploads\/2026\/04\/pantaenius_rund_skagen_19-300x169.png 300w, http:\/\/bucketlistracing.team\/wp-content\/uploads\/2026\/04\/pantaenius_rund_skagen_19-768x432.png 768w, http:\/\/bucketlistracing.team\/wp-content\/uploads\/2026\/04\/pantaenius_rund_skagen_19-1536x864.png 1536w, http:\/\/bucketlistracing.team\/wp-content\/uploads\/2026\/04\/pantaenius_rund_skagen_19-676x380.png 676w, http:\/\/bucketlistracing.team\/wp-content\/uploads\/2026\/04\/pantaenius_rund_skagen_19.png 1920w\" sizes=\"auto, (max-width: 1024px) 100vw, 1024px\" \/><\/figure>\n\n\n\n<div class=\"wpcf7 no-js\" id=\"wpcf7-f306-o1\" lang=\"de-DE\" dir=\"ltr\" data-wpcf7-id=\"306\">\n<div class=\"screen-reader-response\"><p role=\"status\" aria-live=\"polite\" aria-atomic=\"true\"><\/p> <ul><\/ul><\/div>\n<form action=\"\/en\/wp-json\/wp\/v2\/pages\/83#wpcf7-f306-o1\" method=\"post\" class=\"wpcf7-form init\" aria-label=\"Kontaktformular\" novalidate=\"novalidate\" data-status=\"init\" data-trp-original-action=\"\/en\/wp-json\/wp\/v2\/pages\/83#wpcf7-f306-o1\">\n<fieldset class=\"hidden-fields-container\"><input type=\"hidden\" name=\"_wpcf7\" value=\"306\" \/><input type=\"hidden\" name=\"_wpcf7_version\" value=\"6.1.5\" \/><input type=\"hidden\" name=\"_wpcf7_locale\" value=\"de_DE\" \/><input type=\"hidden\" name=\"_wpcf7_unit_tag\" value=\"wpcf7-f306-o1\" \/><input type=\"hidden\" name=\"_wpcf7_container_post\" value=\"0\" \/><input type=\"hidden\" name=\"_wpcf7_posted_data_hash\" value=\"\" \/>\n<\/fieldset>\n<p>Du interessierst Dich f\u00fcr die Teilnahme an der Nordseewoche - Pantaenius Rund Skagen 2026? Dann nimm Kontakt mit uns auf!\n<\/p>\n<p><label> Dein Name<br \/>\n<span class=\"wpcf7-form-control-wrap\" data-name=\"your-name\"><input size=\"40\" maxlength=\"400\" class=\"wpcf7-form-control wpcf7-text wpcf7-validates-as-required\" autocomplete=\"name\" aria-required=\"true\" aria-invalid=\"false\" value=\"\" type=\"text\" name=\"your-name\" \/><\/span> <\/label><br \/>\n<label> Deine E-Mail-Adresse<br \/>\n<span class=\"wpcf7-form-control-wrap\" data-name=\"your-email\"><input size=\"40\" maxlength=\"400\" class=\"wpcf7-form-control wpcf7-email wpcf7-validates-as-required wpcf7-text wpcf7-validates-as-email\" autocomplete=\"email\" aria-required=\"true\" aria-invalid=\"false\" value=\"\" type=\"email\" name=\"your-email\" \/><\/span> <\/label>\n<\/p>\n<p><input class=\"wpcf7-form-control wpcf7-submit has-spinner\" type=\"submit\" value=\"Senden\" \/>\n<\/p><div class=\"wpcf7-response-output\" aria-hidden=\"true\"><\/div>\n<input type=\"hidden\" name=\"trp-form-language\" value=\"en\"\/><\/form>\n<\/div>","protected":false},"excerpt":{"rendered":"<p>In geraden Jahren bildet das Pantaenius Rund Skagen den Abschluss der Nordseewoche, einer traditionellen Regattaserie, die allj\u00e4hrlich \u00fcber Pfingsten um die Insel Helgoland in der Deutschen Bucht ausgetragen wird. Am [&hellip;]<\/p>\n","protected":false},"author":1,"featured_media":0,"parent":15,"menu_order":0,"comment_status":"closed","ping_status":"closed","template":"","meta":{"footnotes":""},"class_list":["post-83","page","type-page","status-publish","hentry","post-preview"],"_links":{"self":[{"href":"http:\/\/bucketlistracing.team\/en\/wp-json\/wp\/v2\/pages\/83","targetHints":{"allow":["GET"]}}],"collection":[{"href":"http:\/\/bucketlistracing.team\/en\/wp-json\/wp\/v2\/pages"}],"about":[{"href":"http:\/\/bucketlistracing.team\/en\/wp-json\/wp\/v2\/types\/page"}],"author":[{"embeddable":true,"href":"http:\/\/bucketlistracing.team\/en\/wp-json\/wp\/v2\/users\/1"}],"replies":[{"embeddable":true,"href":"http:\/\/bucketlistracing.team\/en\/wp-json\/wp\/v2\/comments?post=83"}],"version-history":[{"count":4,"href":"http:\/\/bucketlistracing.team\/en\/wp-json\/wp\/v2\/pages\/83\/revisions"}],"predecessor-version":[{"id":309,"href":"http:\/\/bucketlistracing.team\/en\/wp-json\/wp\/v2\/pages\/83\/revisions\/309"}],"up":[{"embeddable":true,"href":"http:\/\/bucketlistracing.team\/en\/wp-json\/wp\/v2\/pages\/15"}],"wp:attachment":[{"href":"http:\/\/bucketlistracing.team\/en\/wp-json\/wp\/v2\/media?parent=83"}],"curies":[{"name":"wp","href":"https:\/\/api.w.org\/{rel}","templated":true}]}}