{"id":67,"date":"2026-04-03T20:06:38","date_gmt":"2026-04-03T20:06:38","guid":{"rendered":"https:\/\/bucketlistracing.team\/?page_id=67"},"modified":"2026-04-03T20:18:11","modified_gmt":"2026-04-03T20:18:11","slug":"das-konzept-der-geteilten-kosten","status":"publish","type":"page","link":"http:\/\/bucketlistracing.team\/en\/ueber-uns\/das-konzept-der-geteilten-kosten\/","title":{"rendered":"Shared Costs"},"content":{"rendered":"<p>Beim Projekt BucketListRacing werden die Kosten f\u00fcr die einzelnen Veranstaltungen transparent geteilt. Es gibt Kostenbl\u00f6cke, die im Vorfeld bekannt sind, wie z.B. das Meldegeld, die Betriebskosten oder die Instandhaltungsr\u00fccklage, und Kosten, die nach Aufwand umgelegt werden, wie die Verpflegung oder gemeinsame Landaktivit\u00e4ten.<\/p>\n\n\n\n<p>Unter die Betriebskosten fallen beispielsweise Ausgaben f\u00fcr Liegegelder, Diesel, Versicherungen, Geb\u00fchren f\u00fcr Rating-Vermessungen und Lizenzen. Diese werden nicht aufgeschl\u00fcsselt, sondern mit einem pauschalierten Wert angesetzt.<\/p>\n\n\n\n<p>Die Instandhaltungsr\u00fccklage ist nicht an einen konkreten Aufwand gebunden, sondern dient in erster Linie dazu, den \u00fcblichen Verschlei\u00df von Tauwerk und Segeln abzudecken und die regelm\u00e4\u00dfig wiederkehrenden Kosten f\u00fcr die Wartung von Rettungsmitteln und Feuerl\u00f6schern zu tragen. Auch hierf\u00fcr wird ein Pauschalwert genommen.<\/p>\n\n\n\n<p>Hier ein Beispiel f\u00fcr eine 5-t\u00e4gige Regatta mit einer Crew von 7 Personen<\/p>\n\n\n\n<p><\/p>\n\n\n\n<p><\/p>","protected":false},"excerpt":{"rendered":"<p>Beim Projekt BucketListRacing werden die Kosten f\u00fcr die einzelnen Veranstaltungen transparent geteilt. Es gibt Kostenbl\u00f6cke, die im Vorfeld bekannt sind, wie z.B. das Meldegeld, die Betriebskosten oder die Instandhaltungsr\u00fccklage, und [&hellip;]<\/p>\n","protected":false},"author":1,"featured_media":0,"parent":13,"menu_order":0,"comment_status":"closed","ping_status":"closed","template":"","meta":{"footnotes":""},"class_list":["post-67","page","type-page","status-publish","hentry","post-preview"],"_links":{"self":[{"href":"http:\/\/bucketlistracing.team\/en\/wp-json\/wp\/v2\/pages\/67","targetHints":{"allow":["GET"]}}],"collection":[{"href":"http:\/\/bucketlistracing.team\/en\/wp-json\/wp\/v2\/pages"}],"about":[{"href":"http:\/\/bucketlistracing.team\/en\/wp-json\/wp\/v2\/types\/page"}],"author":[{"embeddable":true,"href":"http:\/\/bucketlistracing.team\/en\/wp-json\/wp\/v2\/users\/1"}],"replies":[{"embeddable":true,"href":"http:\/\/bucketlistracing.team\/en\/wp-json\/wp\/v2\/comments?post=67"}],"version-history":[{"count":2,"href":"http:\/\/bucketlistracing.team\/en\/wp-json\/wp\/v2\/pages\/67\/revisions"}],"predecessor-version":[{"id":71,"href":"http:\/\/bucketlistracing.team\/en\/wp-json\/wp\/v2\/pages\/67\/revisions\/71"}],"up":[{"embeddable":true,"href":"http:\/\/bucketlistracing.team\/en\/wp-json\/wp\/v2\/pages\/13"}],"wp:attachment":[{"href":"http:\/\/bucketlistracing.team\/en\/wp-json\/wp\/v2\/media?parent=67"}],"curies":[{"name":"wp","href":"https:\/\/api.w.org\/{rel}","templated":true}]}}