{"id":126,"date":"2026-04-03T22:33:13","date_gmt":"2026-04-03T22:33:13","guid":{"rendered":"https:\/\/bucketlistracing.team\/?page_id=126"},"modified":"2026-04-03T23:56:56","modified_gmt":"2026-04-03T23:56:56","slug":"2028-rorc-caribbean-600","status":"publish","type":"page","link":"http:\/\/bucketlistracing.team\/en\/regatten\/2028-rorc-caribbean-600\/","title":{"rendered":"2028 RORC Caribbean 600"},"content":{"rendered":"<p>Die 19. Auflage der RORC Caribbean 600, organisiert vom Royal Ocean Racing Club in Kooperation mit dem Antigua Yacht Club, ist eine Langstreckenregatta kreuz und quer durch die n\u00f6rdlichen Antillen. Nach dem Start vor English Harbour an der S\u00fcdk\u00fcste geht es luvseitig an Antigua vorbei nach Barbuda. Dort dreht die Flotte nach S\u00fcdwesten zur Insel Nevis und weiter nach Nordwesten um Saba herum. Dann geht es nord\u00f6stlich nach Saint Barth, das an Backbord bleibt und um Sint Maarten herum, das einer Schikane gleich, an Steuerbord gelassen wird. Von dort geht es rund 170 Meilen s\u00fcdw\u00e4rts vorbei an Antigua and Barbuda an Backbord und Saint Kitts and Nevis sowie Montserrat an Steuerbord bis an die S\u00fcdspitze von Bass-Terr auf Guadeloupe. Nach Runden der Inselgruppe Les Saintes werden die Inseln Marie-Galante, La Petite Terre und La Desirade passiert, bevor die Yachten wieder nordw\u00e4rts nach Barbuda segeln. Nach einem Abstecher nach Redonda f\u00fchrt eine Zielkreuz von rund 35 Meilen zur\u00fcck nach English Harbour.<\/p>\n\n\n\n<figure class=\"wp-block-image size-large\"><img loading=\"lazy\" decoding=\"async\" width=\"1024\" height=\"576\" src=\"http:\/\/bucketlistracing.team\/wp-content\/uploads\/2026\/04\/rorc_caribbean600_21-1024x576.png\" alt=\"\" class=\"wp-image-227\" srcset=\"http:\/\/bucketlistracing.team\/wp-content\/uploads\/2026\/04\/rorc_caribbean600_21-1024x576.png 1024w, http:\/\/bucketlistracing.team\/wp-content\/uploads\/2026\/04\/rorc_caribbean600_21-300x169.png 300w, http:\/\/bucketlistracing.team\/wp-content\/uploads\/2026\/04\/rorc_caribbean600_21-768x432.png 768w, http:\/\/bucketlistracing.team\/wp-content\/uploads\/2026\/04\/rorc_caribbean600_21-1536x864.png 1536w, http:\/\/bucketlistracing.team\/wp-content\/uploads\/2026\/04\/rorc_caribbean600_21-676x380.png 676w, http:\/\/bucketlistracing.team\/wp-content\/uploads\/2026\/04\/rorc_caribbean600_21.png 1920w\" sizes=\"auto, (max-width: 1024px) 100vw, 1024px\" \/><\/figure>","protected":false},"excerpt":{"rendered":"<p>Die 19. Auflage der RORC Caribbean 600, organisiert vom Royal Ocean Racing Club in Kooperation mit dem Antigua Yacht Club, ist eine Langstreckenregatta kreuz und quer durch die n\u00f6rdlichen Antillen. [&hellip;]<\/p>\n","protected":false},"author":1,"featured_media":0,"parent":15,"menu_order":0,"comment_status":"closed","ping_status":"closed","template":"","meta":{"footnotes":""},"class_list":["post-126","page","type-page","status-publish","hentry","post-preview"],"_links":{"self":[{"href":"http:\/\/bucketlistracing.team\/en\/wp-json\/wp\/v2\/pages\/126","targetHints":{"allow":["GET"]}}],"collection":[{"href":"http:\/\/bucketlistracing.team\/en\/wp-json\/wp\/v2\/pages"}],"about":[{"href":"http:\/\/bucketlistracing.team\/en\/wp-json\/wp\/v2\/types\/page"}],"author":[{"embeddable":true,"href":"http:\/\/bucketlistracing.team\/en\/wp-json\/wp\/v2\/users\/1"}],"replies":[{"embeddable":true,"href":"http:\/\/bucketlistracing.team\/en\/wp-json\/wp\/v2\/comments?post=126"}],"version-history":[{"count":4,"href":"http:\/\/bucketlistracing.team\/en\/wp-json\/wp\/v2\/pages\/126\/revisions"}],"predecessor-version":[{"id":239,"href":"http:\/\/bucketlistracing.team\/en\/wp-json\/wp\/v2\/pages\/126\/revisions\/239"}],"up":[{"embeddable":true,"href":"http:\/\/bucketlistracing.team\/en\/wp-json\/wp\/v2\/pages\/15"}],"wp:attachment":[{"href":"http:\/\/bucketlistracing.team\/en\/wp-json\/wp\/v2\/media?parent=126"}],"curies":[{"name":"wp","href":"https:\/\/api.w.org\/{rel}","templated":true}]}}