{"id":122,"date":"2026-04-03T22:31:53","date_gmt":"2026-04-03T22:31:53","guid":{"rendered":"https:\/\/bucketlistracing.team\/?page_id=122"},"modified":"2026-04-03T23:44:02","modified_gmt":"2026-04-03T23:44:02","slug":"2028-rorc-transatlantic-race","status":"publish","type":"page","link":"http:\/\/bucketlistracing.team\/en\/regatten\/2028-rorc-transatlantic-race\/","title":{"rendered":"2028 RORC Transatlantic Race"},"content":{"rendered":"<p>Das RORC Transatlantic Race startet Anfang Januar von Arrecife auf Lanzarote. Auf der Suche nach dem Nordost-Passat f\u00fchrt der Kurs zun\u00e4chst s\u00fcdlich in die N\u00e4he der Kap Verden, bevor die Flotte dann auf einen westlicheren Kurs in Richtung der Karibik einschwenkt. Der kr\u00e4ftige Passat und gelegentliche Squalls treiben die Yachten vor sich her. Zwei Wochen ohne Landsicht und Barbados bleibt an Steuerbord. An der S\u00fcdwestspitze Grenadas wird Point Salinas umrundet und ein 4-Meilen-Sprint f\u00fchrt zum Ziel vor der Hauptstadt Saint George\u2018s. Rund 3000 Seemeilen sind dann absolviert wobei 4 Zeitzonen durchquert wurden.<\/p>\n\n\n\n<figure class=\"wp-block-image size-large\"><img loading=\"lazy\" decoding=\"async\" width=\"1024\" height=\"576\" src=\"http:\/\/bucketlistracing.team\/wp-content\/uploads\/2026\/04\/rorc_transatlantic_07-1024x576.png\" alt=\"\" class=\"wp-image-224\" srcset=\"http:\/\/bucketlistracing.team\/wp-content\/uploads\/2026\/04\/rorc_transatlantic_07-1024x576.png 1024w, http:\/\/bucketlistracing.team\/wp-content\/uploads\/2026\/04\/rorc_transatlantic_07-300x169.png 300w, http:\/\/bucketlistracing.team\/wp-content\/uploads\/2026\/04\/rorc_transatlantic_07-768x432.png 768w, http:\/\/bucketlistracing.team\/wp-content\/uploads\/2026\/04\/rorc_transatlantic_07-1536x864.png 1536w, http:\/\/bucketlistracing.team\/wp-content\/uploads\/2026\/04\/rorc_transatlantic_07-676x380.png 676w, http:\/\/bucketlistracing.team\/wp-content\/uploads\/2026\/04\/rorc_transatlantic_07.png 1920w\" sizes=\"auto, (max-width: 1024px) 100vw, 1024px\" \/><\/figure>","protected":false},"excerpt":{"rendered":"<p>Das RORC Transatlantic Race startet Anfang Januar von Arrecife auf Lanzarote. Auf der Suche nach dem Nordost-Passat f\u00fchrt der Kurs zun\u00e4chst s\u00fcdlich in die N\u00e4he der Kap Verden, bevor die [&hellip;]<\/p>\n","protected":false},"author":1,"featured_media":0,"parent":15,"menu_order":0,"comment_status":"closed","ping_status":"closed","template":"","meta":{"footnotes":""},"class_list":["post-122","page","type-page","status-publish","hentry","post-preview"],"_links":{"self":[{"href":"http:\/\/bucketlistracing.team\/en\/wp-json\/wp\/v2\/pages\/122","targetHints":{"allow":["GET"]}}],"collection":[{"href":"http:\/\/bucketlistracing.team\/en\/wp-json\/wp\/v2\/pages"}],"about":[{"href":"http:\/\/bucketlistracing.team\/en\/wp-json\/wp\/v2\/types\/page"}],"author":[{"embeddable":true,"href":"http:\/\/bucketlistracing.team\/en\/wp-json\/wp\/v2\/users\/1"}],"replies":[{"embeddable":true,"href":"http:\/\/bucketlistracing.team\/en\/wp-json\/wp\/v2\/comments?post=122"}],"version-history":[{"count":3,"href":"http:\/\/bucketlistracing.team\/en\/wp-json\/wp\/v2\/pages\/122\/revisions"}],"predecessor-version":[{"id":236,"href":"http:\/\/bucketlistracing.team\/en\/wp-json\/wp\/v2\/pages\/122\/revisions\/236"}],"up":[{"embeddable":true,"href":"http:\/\/bucketlistracing.team\/en\/wp-json\/wp\/v2\/pages\/15"}],"wp:attachment":[{"href":"http:\/\/bucketlistracing.team\/en\/wp-json\/wp\/v2\/media?parent=122"}],"curies":[{"name":"wp","href":"https:\/\/api.w.org\/{rel}","templated":true}]}}