{"id":120,"date":"2026-04-03T22:31:03","date_gmt":"2026-04-03T22:31:03","guid":{"rendered":"https:\/\/bucketlistracing.team\/?page_id=120"},"modified":"2026-04-03T23:40:36","modified_gmt":"2026-04-03T23:40:36","slug":"2027-rorc-cowes-cherbourg-race","status":"publish","type":"page","link":"http:\/\/bucketlistracing.team\/en\/regatten\/2027-rorc-cowes-cherbourg-race\/","title":{"rendered":"2027 RORC Cowes-Cherbourg-Race"},"content":{"rendered":"<p>Das RORC Cherbourg Race bildet traditionell den Abschluss der j\u00e4hrlichen Regatta Saison im Englischen Kanal. Vom Start geht es ostw\u00e4rts aus dem Solent, vorbei an der Tonne Snowden und dem No-Mans-Land-Fort. Die Tonne Bembridge bleibt an Steuerbord und nun f\u00fchrt der Kurs \u00fcber den \u00c4rmelkanal direkt nach Cherbourg. Das Ziel liegt am \u00f6stlichen Teil der \u00e4u\u00dferen Hafenmole beim Fort de l\u2018Est und komplettiert diese rund 73 Seemeilen lange Regatta.<\/p>\n\n\n\n<figure class=\"wp-block-image size-large\"><img loading=\"lazy\" decoding=\"async\" width=\"1024\" height=\"576\" src=\"http:\/\/bucketlistracing.team\/wp-content\/uploads\/2026\/04\/cherbourg-race_05-1024x576.png\" alt=\"\" class=\"wp-image-222\" srcset=\"http:\/\/bucketlistracing.team\/wp-content\/uploads\/2026\/04\/cherbourg-race_05-1024x576.png 1024w, http:\/\/bucketlistracing.team\/wp-content\/uploads\/2026\/04\/cherbourg-race_05-300x169.png 300w, http:\/\/bucketlistracing.team\/wp-content\/uploads\/2026\/04\/cherbourg-race_05-768x432.png 768w, http:\/\/bucketlistracing.team\/wp-content\/uploads\/2026\/04\/cherbourg-race_05-1536x864.png 1536w, http:\/\/bucketlistracing.team\/wp-content\/uploads\/2026\/04\/cherbourg-race_05-676x380.png 676w, http:\/\/bucketlistracing.team\/wp-content\/uploads\/2026\/04\/cherbourg-race_05.png 1920w\" sizes=\"auto, (max-width: 1024px) 100vw, 1024px\" \/><\/figure>\n\n\n\n<p><br><br><\/p>","protected":false},"excerpt":{"rendered":"<p>Das RORC Cherbourg Race bildet traditionell den Abschluss der j\u00e4hrlichen Regatta Saison im Englischen Kanal. Vom Start geht es ostw\u00e4rts aus dem Solent, vorbei an der Tonne Snowden und dem [&hellip;]<\/p>\n","protected":false},"author":1,"featured_media":0,"parent":15,"menu_order":0,"comment_status":"closed","ping_status":"closed","template":"","meta":{"footnotes":""},"class_list":["post-120","page","type-page","status-publish","hentry","post-preview"],"_links":{"self":[{"href":"http:\/\/bucketlistracing.team\/en\/wp-json\/wp\/v2\/pages\/120","targetHints":{"allow":["GET"]}}],"collection":[{"href":"http:\/\/bucketlistracing.team\/en\/wp-json\/wp\/v2\/pages"}],"about":[{"href":"http:\/\/bucketlistracing.team\/en\/wp-json\/wp\/v2\/types\/page"}],"author":[{"embeddable":true,"href":"http:\/\/bucketlistracing.team\/en\/wp-json\/wp\/v2\/users\/1"}],"replies":[{"embeddable":true,"href":"http:\/\/bucketlistracing.team\/en\/wp-json\/wp\/v2\/comments?post=120"}],"version-history":[{"count":3,"href":"http:\/\/bucketlistracing.team\/en\/wp-json\/wp\/v2\/pages\/120\/revisions"}],"predecessor-version":[{"id":233,"href":"http:\/\/bucketlistracing.team\/en\/wp-json\/wp\/v2\/pages\/120\/revisions\/233"}],"up":[{"embeddable":true,"href":"http:\/\/bucketlistracing.team\/en\/wp-json\/wp\/v2\/pages\/15"}],"wp:attachment":[{"href":"http:\/\/bucketlistracing.team\/en\/wp-json\/wp\/v2\/media?parent=120"}],"curies":[{"name":"wp","href":"https:\/\/api.w.org\/{rel}","templated":true}]}}