{"id":118,"date":"2026-04-03T22:30:15","date_gmt":"2026-04-03T22:30:15","guid":{"rendered":"https:\/\/bucketlistracing.team\/?page_id=118"},"modified":"2026-04-03T23:39:31","modified_gmt":"2026-04-03T23:39:31","slug":"2027-rorc-channel-race","status":"publish","type":"page","link":"http:\/\/bucketlistracing.team\/en\/regatten\/2027-rorc-channel-race\/","title":{"rendered":"2027 RORC Channel Race"},"content":{"rendered":"<p>Das RORC Channel Race geht \u00fcber ca. 170 Seemeilen durch den \u00c4rmelkanal. Vom Start vor der Royal Yacht Squadron f\u00fchrt der Kurs ostw\u00e4rts durch den Solent. No-Mans-Land-Fort und South Pullar bleiben an Steuerbord bevor eine Regattatonne an der S\u00fcdostk\u00fcste der Isle of Wight Backbord gerundet wird. Die Yachten nehmen nun Kurs auf Le Havre an der K\u00fcste der Normandie und runden die Tonne A5. Dann geht es zur\u00fcck zur Tonne Owers und von dort ins Ziel bei Mother Bank im Solent.<\/p>\n\n\n\n<figure class=\"wp-block-image size-large\"><img loading=\"lazy\" decoding=\"async\" width=\"1024\" height=\"576\" src=\"http:\/\/bucketlistracing.team\/wp-content\/uploads\/2026\/04\/channel-race_09-1024x576.png\" alt=\"\" class=\"wp-image-220\" srcset=\"http:\/\/bucketlistracing.team\/wp-content\/uploads\/2026\/04\/channel-race_09-1024x576.png 1024w, http:\/\/bucketlistracing.team\/wp-content\/uploads\/2026\/04\/channel-race_09-300x169.png 300w, http:\/\/bucketlistracing.team\/wp-content\/uploads\/2026\/04\/channel-race_09-768x432.png 768w, http:\/\/bucketlistracing.team\/wp-content\/uploads\/2026\/04\/channel-race_09-1536x864.png 1536w, http:\/\/bucketlistracing.team\/wp-content\/uploads\/2026\/04\/channel-race_09-676x380.png 676w, http:\/\/bucketlistracing.team\/wp-content\/uploads\/2026\/04\/channel-race_09.png 1920w\" sizes=\"auto, (max-width: 1024px) 100vw, 1024px\" \/><\/figure>","protected":false},"excerpt":{"rendered":"<p>Das RORC Channel Race geht \u00fcber ca. 170 Seemeilen durch den \u00c4rmelkanal. Vom Start vor der Royal Yacht Squadron f\u00fchrt der Kurs ostw\u00e4rts durch den Solent. No-Mans-Land-Fort und South Pullar [&hellip;]<\/p>\n","protected":false},"author":1,"featured_media":0,"parent":15,"menu_order":0,"comment_status":"closed","ping_status":"closed","template":"","meta":{"footnotes":""},"class_list":["post-118","page","type-page","status-publish","hentry","post-preview"],"_links":{"self":[{"href":"http:\/\/bucketlistracing.team\/en\/wp-json\/wp\/v2\/pages\/118","targetHints":{"allow":["GET"]}}],"collection":[{"href":"http:\/\/bucketlistracing.team\/en\/wp-json\/wp\/v2\/pages"}],"about":[{"href":"http:\/\/bucketlistracing.team\/en\/wp-json\/wp\/v2\/types\/page"}],"author":[{"embeddable":true,"href":"http:\/\/bucketlistracing.team\/en\/wp-json\/wp\/v2\/users\/1"}],"replies":[{"embeddable":true,"href":"http:\/\/bucketlistracing.team\/en\/wp-json\/wp\/v2\/comments?post=118"}],"version-history":[{"count":3,"href":"http:\/\/bucketlistracing.team\/en\/wp-json\/wp\/v2\/pages\/118\/revisions"}],"predecessor-version":[{"id":232,"href":"http:\/\/bucketlistracing.team\/en\/wp-json\/wp\/v2\/pages\/118\/revisions\/232"}],"up":[{"embeddable":true,"href":"http:\/\/bucketlistracing.team\/en\/wp-json\/wp\/v2\/pages\/15"}],"wp:attachment":[{"href":"http:\/\/bucketlistracing.team\/en\/wp-json\/wp\/v2\/media?parent=118"}],"curies":[{"name":"wp","href":"https:\/\/api.w.org\/{rel}","templated":true}]}}