{"id":116,"date":"2026-04-03T22:29:08","date_gmt":"2026-04-03T22:29:08","guid":{"rendered":"https:\/\/bucketlistracing.team\/?page_id=116"},"modified":"2026-04-03T23:38:24","modified_gmt":"2026-04-03T23:38:24","slug":"2027-rolex-fastnet-race","status":"publish","type":"page","link":"http:\/\/bucketlistracing.team\/en\/regatten\/2027-rolex-fastnet-race\/","title":{"rendered":"2027 Rolex Fastnet Race"},"content":{"rendered":"<p>Das jeweils in ungeraden Jahren stattfindende Rolex-Fastnet-Race, organisiert vom Royal Ocean Racing Club, startet in Cowes auf der Isle of Wight. Durch den Solent und vorbei an den Needles passiert die Flotte dann die K\u00fcsten von Dorset, Devon und Cornwall bevor es hinter Lands End auf die Keltische See geht. Nach Runden des ber\u00fchmten Fastnet Rock an der S\u00fcdk\u00fcste Irlands nehmen die Yachten Kurs auf die Scilly Islands und von dort in den \u00c4rmelkanal. Vorbei an den Kanalinseln mit ihren extremen Tidenstr\u00f6mungen wartet schlie\u00dflich das Ziel in Cherbourg. Rund 700 Seemeilen liegen dann hinter den Teilnehmern.<\/p>\n\n\n\n<figure class=\"wp-block-image size-large\"><img loading=\"lazy\" decoding=\"async\" width=\"1024\" height=\"576\" src=\"http:\/\/bucketlistracing.team\/wp-content\/uploads\/2026\/04\/rolex_fastnet_race_17-1024x576.png\" alt=\"\" class=\"wp-image-216\" srcset=\"http:\/\/bucketlistracing.team\/wp-content\/uploads\/2026\/04\/rolex_fastnet_race_17-1024x576.png 1024w, http:\/\/bucketlistracing.team\/wp-content\/uploads\/2026\/04\/rolex_fastnet_race_17-300x169.png 300w, http:\/\/bucketlistracing.team\/wp-content\/uploads\/2026\/04\/rolex_fastnet_race_17-768x432.png 768w, http:\/\/bucketlistracing.team\/wp-content\/uploads\/2026\/04\/rolex_fastnet_race_17-1536x864.png 1536w, http:\/\/bucketlistracing.team\/wp-content\/uploads\/2026\/04\/rolex_fastnet_race_17-676x380.png 676w, http:\/\/bucketlistracing.team\/wp-content\/uploads\/2026\/04\/rolex_fastnet_race_17.png 1920w\" sizes=\"auto, (max-width: 1024px) 100vw, 1024px\" \/><\/figure>","protected":false},"excerpt":{"rendered":"<p>Das jeweils in ungeraden Jahren stattfindende Rolex-Fastnet-Race, organisiert vom Royal Ocean Racing Club, startet in Cowes auf der Isle of Wight. Durch den Solent und vorbei an den Needles passiert [&hellip;]<\/p>\n","protected":false},"author":1,"featured_media":0,"parent":15,"menu_order":0,"comment_status":"closed","ping_status":"closed","template":"","meta":{"footnotes":""},"class_list":["post-116","page","type-page","status-publish","hentry","post-preview"],"_links":{"self":[{"href":"http:\/\/bucketlistracing.team\/en\/wp-json\/wp\/v2\/pages\/116","targetHints":{"allow":["GET"]}}],"collection":[{"href":"http:\/\/bucketlistracing.team\/en\/wp-json\/wp\/v2\/pages"}],"about":[{"href":"http:\/\/bucketlistracing.team\/en\/wp-json\/wp\/v2\/types\/page"}],"author":[{"embeddable":true,"href":"http:\/\/bucketlistracing.team\/en\/wp-json\/wp\/v2\/users\/1"}],"replies":[{"embeddable":true,"href":"http:\/\/bucketlistracing.team\/en\/wp-json\/wp\/v2\/comments?post=116"}],"version-history":[{"count":4,"href":"http:\/\/bucketlistracing.team\/en\/wp-json\/wp\/v2\/pages\/116\/revisions"}],"predecessor-version":[{"id":231,"href":"http:\/\/bucketlistracing.team\/en\/wp-json\/wp\/v2\/pages\/116\/revisions\/231"}],"up":[{"embeddable":true,"href":"http:\/\/bucketlistracing.team\/en\/wp-json\/wp\/v2\/pages\/15"}],"wp:attachment":[{"href":"http:\/\/bucketlistracing.team\/en\/wp-json\/wp\/v2\/media?parent=116"}],"curies":[{"name":"wp","href":"https:\/\/api.w.org\/{rel}","templated":true}]}}