{"id":114,"date":"2026-04-03T22:28:26","date_gmt":"2026-04-03T22:28:26","guid":{"rendered":"https:\/\/bucketlistracing.team\/?page_id=114"},"modified":"2026-04-03T23:41:29","modified_gmt":"2026-04-03T23:41:29","slug":"2027-rorc-cowes-dinard-race","status":"publish","type":"page","link":"http:\/\/bucketlistracing.team\/en\/regatten\/2027-rorc-cowes-dinard-race\/","title":{"rendered":"2027 RORC Cowes-Dinard-Race"},"content":{"rendered":"<p>Das rund 150 Seemeilen lange und seit 1929 regelm\u00e4\u00dfig vom \u201eRoyal Ocean Racing Club\u201c ausgetragene Cowes-Dinard-St. Malo-Race f\u00fchrt von Cowes auf der Isle of Wight westw\u00e4rts dem Solent folgend bis zu den Needles. Von dort \u00fcberquert die Flotte den \u00c4rmelkanal, l\u00e4sst das K\u00e4skett VTG an Steuerbord und den Leuchtturm K\u00e4skett an Backbord.hinter Guernsey, das ebenfalls an Backbord bleibt, f\u00fchrt der Kurs in den Golf von Saint Malo und dort ins Ziel vor Dinard.<\/p>\n\n\n\n<figure class=\"wp-block-image size-large\"><img loading=\"lazy\" decoding=\"async\" width=\"1024\" height=\"576\" src=\"http:\/\/bucketlistracing.team\/wp-content\/uploads\/2026\/04\/cowes-dinard_07-1024x576.png\" alt=\"\" class=\"wp-image-218\" srcset=\"http:\/\/bucketlistracing.team\/wp-content\/uploads\/2026\/04\/cowes-dinard_07-1024x576.png 1024w, http:\/\/bucketlistracing.team\/wp-content\/uploads\/2026\/04\/cowes-dinard_07-300x169.png 300w, http:\/\/bucketlistracing.team\/wp-content\/uploads\/2026\/04\/cowes-dinard_07-768x432.png 768w, http:\/\/bucketlistracing.team\/wp-content\/uploads\/2026\/04\/cowes-dinard_07-1536x864.png 1536w, http:\/\/bucketlistracing.team\/wp-content\/uploads\/2026\/04\/cowes-dinard_07-676x380.png 676w, http:\/\/bucketlistracing.team\/wp-content\/uploads\/2026\/04\/cowes-dinard_07.png 1920w\" sizes=\"auto, (max-width: 1024px) 100vw, 1024px\" \/><\/figure>","protected":false},"excerpt":{"rendered":"<p>Das rund 150 Seemeilen lange und seit 1929 regelm\u00e4\u00dfig vom \u201eRoyal Ocean Racing Club\u201c ausgetragene Cowes-Dinard-St. Malo-Race f\u00fchrt von Cowes auf der Isle of Wight westw\u00e4rts dem Solent folgend bis [&hellip;]<\/p>\n","protected":false},"author":1,"featured_media":0,"parent":15,"menu_order":0,"comment_status":"closed","ping_status":"closed","template":"","meta":{"footnotes":""},"class_list":["post-114","page","type-page","status-publish","hentry","post-preview"],"_links":{"self":[{"href":"http:\/\/bucketlistracing.team\/en\/wp-json\/wp\/v2\/pages\/114","targetHints":{"allow":["GET"]}}],"collection":[{"href":"http:\/\/bucketlistracing.team\/en\/wp-json\/wp\/v2\/pages"}],"about":[{"href":"http:\/\/bucketlistracing.team\/en\/wp-json\/wp\/v2\/types\/page"}],"author":[{"embeddable":true,"href":"http:\/\/bucketlistracing.team\/en\/wp-json\/wp\/v2\/users\/1"}],"replies":[{"embeddable":true,"href":"http:\/\/bucketlistracing.team\/en\/wp-json\/wp\/v2\/comments?post=114"}],"version-history":[{"count":3,"href":"http:\/\/bucketlistracing.team\/en\/wp-json\/wp\/v2\/pages\/114\/revisions"}],"predecessor-version":[{"id":234,"href":"http:\/\/bucketlistracing.team\/en\/wp-json\/wp\/v2\/pages\/114\/revisions\/234"}],"up":[{"embeddable":true,"href":"http:\/\/bucketlistracing.team\/en\/wp-json\/wp\/v2\/pages\/15"}],"wp:attachment":[{"href":"http:\/\/bucketlistracing.team\/en\/wp-json\/wp\/v2\/media?parent=114"}],"curies":[{"name":"wp","href":"https:\/\/api.w.org\/{rel}","templated":true}]}}