{"id":112,"date":"2026-04-03T22:26:31","date_gmt":"2026-04-03T22:26:31","guid":{"rendered":"https:\/\/bucketlistracing.team\/?page_id=112"},"modified":"2026-04-03T23:36:55","modified_gmt":"2026-04-03T23:36:55","slug":"2027-shetland-race","status":"publish","type":"page","link":"http:\/\/bucketlistracing.team\/en\/regatten\/2027-shetland-race\/","title":{"rendered":"2027 Shetland Race"},"content":{"rendered":"<p>Das Bergen-Shetland-Race im 41. Jahr f\u00fchrt in zwei 190-Meilen-Etappen von Bergen nach Lerwick und wieder zur\u00fcck. Der Start ist am Ausgang der Fjordlandschaft etwa 15 Meilen von Bergen entfernt am Leuchtturm Tekslo. Von dort f\u00fchrt der Kurs in westlicher Richtung direkt nach Shetland, wobei auf der Bergen Bank einige \u00d6lplattformen passiert werden. Vor der Insel Bressay haben die Teilnehmer die Wahl, ob sie diese n\u00f6rdlich oder s\u00fcdlich umfahren, um das Ziel im Hafen von Lerwick zu erreichen.<\/p>\n\n\n\n<figure class=\"wp-block-image size-large\"><img loading=\"lazy\" decoding=\"async\" width=\"1024\" height=\"576\" src=\"http:\/\/bucketlistracing.team\/wp-content\/uploads\/2026\/04\/pantaenius_shetland_race_eb_05-1024x576.png\" alt=\"\" class=\"wp-image-213\" srcset=\"http:\/\/bucketlistracing.team\/wp-content\/uploads\/2026\/04\/pantaenius_shetland_race_eb_05-1024x576.png 1024w, http:\/\/bucketlistracing.team\/wp-content\/uploads\/2026\/04\/pantaenius_shetland_race_eb_05-300x169.png 300w, http:\/\/bucketlistracing.team\/wp-content\/uploads\/2026\/04\/pantaenius_shetland_race_eb_05-768x432.png 768w, http:\/\/bucketlistracing.team\/wp-content\/uploads\/2026\/04\/pantaenius_shetland_race_eb_05-1536x864.png 1536w, http:\/\/bucketlistracing.team\/wp-content\/uploads\/2026\/04\/pantaenius_shetland_race_eb_05-676x380.png 676w, http:\/\/bucketlistracing.team\/wp-content\/uploads\/2026\/04\/pantaenius_shetland_race_eb_05.png 1920w\" sizes=\"auto, (max-width: 1024px) 100vw, 1024px\" \/><\/figure>\n\n\n\n<p>Nach einem kurzen Aufenthalt geht es an einem der folgende Tage auf gleichem Weg ostw\u00e4rts wieder zur\u00fcck.<\/p>","protected":false},"excerpt":{"rendered":"<p>Das Bergen-Shetland-Race im 41. Jahr f\u00fchrt in zwei 190-Meilen-Etappen von Bergen nach Lerwick und wieder zur\u00fcck. Der Start ist am Ausgang der Fjordlandschaft etwa 15 Meilen von Bergen entfernt am [&hellip;]<\/p>\n","protected":false},"author":1,"featured_media":0,"parent":15,"menu_order":0,"comment_status":"closed","ping_status":"closed","template":"","meta":{"footnotes":""},"class_list":["post-112","page","type-page","status-publish","hentry","post-preview"],"_links":{"self":[{"href":"http:\/\/bucketlistracing.team\/en\/wp-json\/wp\/v2\/pages\/112","targetHints":{"allow":["GET"]}}],"collection":[{"href":"http:\/\/bucketlistracing.team\/en\/wp-json\/wp\/v2\/pages"}],"about":[{"href":"http:\/\/bucketlistracing.team\/en\/wp-json\/wp\/v2\/types\/page"}],"author":[{"embeddable":true,"href":"http:\/\/bucketlistracing.team\/en\/wp-json\/wp\/v2\/users\/1"}],"replies":[{"embeddable":true,"href":"http:\/\/bucketlistracing.team\/en\/wp-json\/wp\/v2\/comments?post=112"}],"version-history":[{"count":4,"href":"http:\/\/bucketlistracing.team\/en\/wp-json\/wp\/v2\/pages\/112\/revisions"}],"predecessor-version":[{"id":229,"href":"http:\/\/bucketlistracing.team\/en\/wp-json\/wp\/v2\/pages\/112\/revisions\/229"}],"up":[{"embeddable":true,"href":"http:\/\/bucketlistracing.team\/en\/wp-json\/wp\/v2\/pages\/15"}],"wp:attachment":[{"href":"http:\/\/bucketlistracing.team\/en\/wp-json\/wp\/v2\/media?parent=112"}],"curies":[{"name":"wp","href":"https:\/\/api.w.org\/{rel}","templated":true}]}}